{"id":47,"date":"2018-02-02T13:58:19","date_gmt":"2018-02-02T12:58:19","guid":{"rendered":"http:\/\/www.fc-gloria.at\/goesschool\/?page_id=47"},"modified":"2025-01-15T17:32:26","modified_gmt":"2025-01-15T16:32:26","slug":"links","status":"publish","type":"page","link":"http:\/\/www.fc-gloria.at\/filmberufe\/links\/","title":{"rendered":"Links"},"content":{"rendered":"<p>[et_pb_section fb_built=&#8220;1&#8243; _builder_version=&#8220;4.16&#8243; global_colors_info=&#8220;{}&#8220;][et_pb_row _builder_version=&#8220;4.16&#8243; background_size=&#8220;initial&#8220; background_position=&#8220;top_left&#8220; background_repeat=&#8220;repeat&#8220; global_colors_info=&#8220;{}&#8220;][et_pb_column type=&#8220;4_4&#8243; _builder_version=&#8220;4.16&#8243; custom_padding=&#8220;|||&#8220; global_colors_info=&#8220;{}&#8220; custom_padding__hover=&#8220;|||&#8220;][et_pb_text _builder_version=&#8220;4.16&#8243; global_colors_info=&#8220;{}&#8220;]Berufsverb\u00e4nde<br \/>\n[\/et_pb_text][et_pb_accordion _builder_version=&#8220;4.25.1&#8243; hover_enabled=&#8220;0&#8243; global_colors_info=&#8220;{}&#8220; sticky_enabled=&#8220;0&#8243;][et_pb_accordion_item title=&#8220;Berufsverb\u00e4nde&#8220; _builder_version=&#8220;4.25.1&#8243; hover_enabled=&#8220;0&#8243; global_colors_info=&#8220;{}&#8220; open=&#8220;off&#8220; sticky_enabled=&#8220;0&#8243;]Alle Filmschaffenden: <a href=\"http:\/\/www.filmschaffende.at\/\" target=\"_blank\" rel=\"noopener\">Dachverband der \u00f6sterreichischen Filmschaffenden<\/a><br \/>\nRegie Kinofilm: <a href=\"http:\/\/www.austrian-directors.com\/\">Verband Filmregie \u00d6sterreich<br \/>\n<\/a>Regie Kino- und TV-Film: <a href=\"http:\/\/www.ada-directors.com\/\">ADA &#8211; Austrian Director&#8217;s Association<br \/>\n<\/a>Dokumentarfilm: <a href=\"http:\/\/dok.at\/\">dok.at &#8211; Interessengemeinschaft \u00d6sterreichischer Dokumentarfilm<br \/>\n<\/a>Kamera: <a href=\"https:\/\/www.aacamera.org\/\" target=\"_blank\" rel=\"noopener\">Verband \u00f6sterreichischer Kameraleute<\/a><br \/>\nDrehbuch: <a href=\"http:\/\/www.drehbuchverband.at\/\">Drehbuchverband Austria<br \/>\n<\/a>Produktion: <a href=\"http:\/\/www.filmaustria.com\/\">Film Austria &#8211; Vereinigung kreativer Filmproduzenten<br \/>\n<\/a>Produktion: <a href=\"http:\/\/www.austrian-film.com\/de\/kontakt\/kontakt\">AAFP &#8211; Verband \u00f6sterreichischer Filmproduzentinnen und -produzenten<\/a><br \/>\nAusstattung: <a href=\"http:\/\/www.filmdesigners.at\/\">Verband \u00d6stereichischer FilmausstatterInnen<\/a><br \/>\nTon: <a href=\"http:\/\/www.oetmv.org\/\">\u00d6sterreichische Ton- und Musikgestaltervereinigung<\/a><br \/>\nSchnitt: <a href=\"http:\/\/www.editors.at\/\">\u00d6sterreichischer Verband Filmschnitt<\/a><br \/>\nSounddesign: <a href=\"http:\/\/www.voesd.at\/\">Verband \u00f6sterreichischer Sounddesigner\/innen<\/a>[\/et_pb_accordion_item][et_pb_accordion_item title=&#8220;Filmfestivals und Wettbewerbe in \u00d6sterreich&#8220; _builder_version=&#8220;4.25.1&#8243; hover_enabled=&#8220;0&#8243; global_colors_info=&#8220;{}&#8220; open=&#8220;on&#8220; sticky_enabled=&#8220;0&#8243;]<\/p>\n<ul>\n<li><a href=\"http:\/\/film-festivals.at\/\">Forum \u00f6sterreichischer Filmfestivals<\/a><\/li>\n<li><a href=\"http:\/\/www.cinemanext.at\/\">Cinema Next &#8211; Junges Kino aus \u00d6sterreich<\/a><\/li>\n<\/ul>\n<p>J\u00e4nner &#8211; M\u00e4rz<\/p>\n<ul>\n<li><a href=\"http:\/\/www.trickywomen.at\/\">Tricky Women<\/a>\u00a0\/\/ Wien<\/li>\n<li><a href=\"http:\/\/www.diagonale.at\/\">Diagonale &#8211; Festival des \u00f6sterreichischen Films<\/a>\u00a0\/\/ Graz<\/li>\n<\/ul>\n<p>April &#8211; Juni<\/p>\n<ul>\n<li><a href=\"http:\/\/www.fffwien.at\/\">Festival du film francophone<\/a>\u00a0\/\/ Wien<\/li>\n<li><a href=\"http:\/\/www.crossingeurope.at\/\">Crossing Europe Filmfestival Linz<\/a><\/li>\n<li><a href=\"http:\/\/ethnocineca.at\/\">Ethnocineca &#8211; Ethnographic and Documentary Filmfest Vienna<\/a><\/li>\n<li><a href=\"http:\/\/www.viennashorts.com\/\">VIS Vienna Independent Shorts<\/a><\/li>\n<li><a href=\"http:\/\/www.iffi.at\/\">Internationales Film Festival Innsbruck<\/a><\/li>\n<li><a href=\"http:\/\/www.identities.at\/\">identities &#8211; Queer Film Festival<\/a>\u00a0\/\/ Wien<\/li>\n<\/ul>\n<p>Juli &#8211; September<\/p>\n<ul>\n<li><a href=\"http:\/\/www.dotdotdot.at\/\">dotdotdot &#8211; Open Air Kurzfilmfestival<\/a>\u00a0\/\/ Wien<\/li>\n<li><a href=\"http:\/\/www.shortynale.at\/\">Shortynale\u00a0<\/a>\/\/ Klosterneuburg<\/li>\n<li><a href=\"https:\/\/alpinale.at\/\" target=\"_blank\" rel=\"noopener\">Alpinale\u00a0<\/a>\/\/ Bludenz<a href=\"http:\/\/www.golden-diana.com\/\"><\/a><\/li>\n<li><a href=\"http:\/\/www.local-buehne.at\/festival\/\">Der neue Heimatfilm<\/a>\u00a0\/\/ Freistadt<\/li>\n<li><a href=\"http:\/\/www.k3festival.com\/\">K3 Kurzfilmfestival\u00a0<\/a>\/\/ Udine, Ljubljana, Villach<\/li>\n<li><a href=\"http:\/\/www.filmfest-stanton.at\/\">Berge. Menschen. Abenteuer. Filmfest St. Anton<\/a><\/li>\n<li><a href=\"http:\/\/slashfilmfestival.com\/\">slash Filmfestival\u00a0<\/a>\/\/ Wien<\/li>\n<\/ul>\n<p>Oktober &#8211; Dezember<a href=\"http:\/\/frontale.at\/\"><\/a><\/p>\n<ul>\n<li><a href=\"http:\/\/www.jfw.at\/\">J\u00fcdisches Filmfestival Wien<\/a><\/li>\n<li><a href=\"http:\/\/www.viennale.at\/\">Viennale &#8211; Vienna International Film Festival<\/a><\/li>\n<li><a href=\"http:\/\/www.mountainfilm.com\/\">Internationales Berg + Abenteuer Filmfestival<\/a>\u00a0\/\/ Graz<\/li>\n<li><a href=\"http:\/\/www.youki.at\/\">YOUKI &#8211; Internationales Jugend Medien Festival<\/a>\u00a0\/\/ Wels<\/li>\n<li><a href=\"http:\/\/www.kinderfilmfestival.at\/\">Internationales Kinderfilmfestival\u00a0<\/a>\/\/ Wien, Steiermark, Linz<\/li>\n<li><a href=\"http:\/\/www.thishumanworld.com\/\">this human world &#8211; Internationales Filmfestival der Menschenrechte<\/a>\u00a0\/\/ Wien<\/li>\n<li><a href=\"http:\/\/filmtagelinz.weebly.com\/\">Entwicklungspolitische Filmtage Linz<\/a><\/li>\n<li><a href=\"https:\/\/www.videoundfilmtage.at\/\">Video und Filmtage<\/a> \/\/ Wien<\/li>\n<\/ul>\n<p>[\/et_pb_accordion_item][\/et_pb_accordion][\/et_pb_column][\/et_pb_row][\/et_pb_section]<\/p>\n","protected":false},"excerpt":{"rendered":"<p>Berufsverb\u00e4nde Alle Filmschaffenden: Dachverband der \u00f6sterreichischen Filmschaffenden Regie Kinofilm: Verband Filmregie \u00d6sterreich Regie Kino- und TV-Film: ADA &#8211; Austrian Director&#8217;s Association Dokumentarfilm: dok.at &#8211; Interessengemeinschaft \u00d6sterreichischer Dokumentarfilm Kamera: Verband \u00f6sterreichischer Kameraleute Drehbuch: Drehbuchverband Austria Produktion: Film Austria &#8211; Vereinigung kreativer Filmproduzenten Produktion: AAFP &#8211; Verband \u00f6sterreichischer Filmproduzentinnen und -produzenten Ausstattung: Verband \u00d6stereichischer FilmausstatterInnen Ton: \u00d6sterreichische [&hellip;]<\/p>\n","protected":false},"author":5,"featured_media":0,"parent":0,"menu_order":0,"comment_status":"closed","ping_status":"closed","template":"","meta":{"_et_pb_use_builder":"on","_et_pb_old_content":"","_et_gb_content_width":"","footnotes":""},"_links":{"self":[{"href":"http:\/\/www.fc-gloria.at\/filmberufe\/wp-json\/wp\/v2\/pages\/47"}],"collection":[{"href":"http:\/\/www.fc-gloria.at\/filmberufe\/wp-json\/wp\/v2\/pages"}],"about":[{"href":"http:\/\/www.fc-gloria.at\/filmberufe\/wp-json\/wp\/v2\/types\/page"}],"author":[{"embeddable":true,"href":"http:\/\/www.fc-gloria.at\/filmberufe\/wp-json\/wp\/v2\/users\/5"}],"replies":[{"embeddable":true,"href":"http:\/\/www.fc-gloria.at\/filmberufe\/wp-json\/wp\/v2\/comments?post=47"}],"version-history":[{"count":14,"href":"http:\/\/www.fc-gloria.at\/filmberufe\/wp-json\/wp\/v2\/pages\/47\/revisions"}],"predecessor-version":[{"id":1575,"href":"http:\/\/www.fc-gloria.at\/filmberufe\/wp-json\/wp\/v2\/pages\/47\/revisions\/1575"}],"wp:attachment":[{"href":"http:\/\/www.fc-gloria.at\/filmberufe\/wp-json\/wp\/v2\/media?parent=47"}],"curies":[{"name":"wp","href":"https:\/\/api.w.org\/{rel}","templated":true}]}}