{"id":1043,"date":"2019-02-14T00:33:32","date_gmt":"2019-02-13T23:33:32","guid":{"rendered":"http:\/\/www.fc-gloria.at\/filmberufe\/?page_id=1043"},"modified":"2025-01-15T16:58:32","modified_gmt":"2025-01-15T15:58:32","slug":"ausstellung","status":"publish","type":"page","link":"https:\/\/www.fc-gloria.at\/filmberufe\/ausstellung\/","title":{"rendered":"Ausstellung"},"content":{"rendered":"<p>[et_pb_section fb_built=&#8220;1&#8243; _builder_version=&#8220;4.16&#8243; global_colors_info=&#8220;{}&#8220;][et_pb_row column_structure=&#8220;1_2,1_2&#8243; _builder_version=&#8220;4.16&#8243; global_colors_info=&#8220;{}&#8220;][et_pb_column type=&#8220;1_2&#8243; _builder_version=&#8220;4.16&#8243; custom_padding=&#8220;|||&#8220; global_colors_info=&#8220;{}&#8220; custom_padding__hover=&#8220;|||&#8220;][et_pb_text _builder_version=&#8220;4.25.1&#8243; hover_enabled=&#8220;0&#8243; global_colors_info=&#8220;{}&#8220; sticky_enabled=&#8220;0&#8243;]<\/p>\n<h2>Ausstellung<\/h2>\n<p>Als Teil des See it, Be it &#8211; Projektes wurde die Ausstellung <i>See it, be it! \u2013 Irgendwas mit Film!<\/i> in Zusammenarbeit mit der\u00a0<a href=\"https:\/\/fc-gloria.us6.list-manage.com\/track\/click?u=e8394cd67a4a78101d7806f62&amp;id=629cba82b7&amp;e=298d9e2ddf\">Fachhochschule St. P\u00f6lten<\/a> organisiert und konzipiert. Studierende und\u00a0Sch\u00fclerinnen sollen durch die Pr\u00e4sentation von weiblichen Role-Models die vielf\u00e4ltigen Berufe am Filmset kennenlernen.<\/p>\n<p>Die Ausstellung zeigt Making-Of-Fotos mit weiblichen Filmschaffenden und stellt das jeweilige Berufsbild und dessen Ausbildungsm\u00f6glichkeiten detailliert vor. Das Publikum wird eingebunden, indem Zitate auf den Stellw\u00e4nden durch eigene erg\u00e4nzt werden k\u00f6nnen.\u00a0Neben den Stellw\u00e4nden ist auch der <a href=\"https:\/\/vimeo.com\/317959340\">See, it, Be it-Trailer<\/a> in der Ausstellung zu sehen und die <a href=\"https:\/\/www.yumpu.com\/de\/document\/read\/59894426\/see-it-bee-it-filmberufe\">See it, Be it &#8211; Brosch\u00fcre<\/a> liegt zur freien Entnahme auf. All dies\u00a0l\u00e4dt ein sich weiterf\u00fchrend \u00fcber die <a href=\"http:\/\/www.fc-gloria.at\/filmberufe\/berufsbilder\/\">Berufsbilder<\/a> auf unserer Homepage zu informieren.<span class=\"Apple-converted-space\">\u00a0<\/span><\/p>\n<p>Die Ausstellung wurde zum ersten Mal von 6. bis 8. M\u00e4rz 2019 in der Aula der FH St. P\u00f6lten gezeigt.\u00a0Im Rahmen der Er\u00f6ffnung fand eine Podiumsdiskussion statt mit der Kamerafrau Eva Testor,\u00a0der Produzentin, Regisseurin und FC Gloria Vorstandsmitglied Karin Berghammer, der FH St. P\u00f6lten-Absolventin und Produktionsleiterin Sara Sch\u00fctzenhofer und der Lehrgangsleiterin Film, TV &amp; Media und Kuratorin der Ausstellung Rosa von Suess.<\/p>\n<p>Idee und Konzept zur Ausstellung stammen von Rosa von Suess: <em>\u201eDer\u00a0Film Gender-Report zeigt eindeutig, dass der Anteil an Frauen am gesamten Filmstab zunimmt, wenn Regie und Drehbuch weiblich besetzt sind. Deswegen muss es uns allen, egal ob M\u00e4nner oder Frauen, wichtig sein, Gender Equality bei der Vergabe von F\u00f6rdermitteln anzustreben. Das muss uns auch als Ausbildungseinrichtung ein Anliegen sein.\u201c<\/em><\/p>\n<p>Die Ausstellung ist aus nachwachsenden Rohstoffen produziert, die Stellw\u00e4nde sind faltbar und leicht zu transportieren und wiederverwendbar.\u00a0<i>See it, be it! \u2013 Irgendwas mit Film!\u00a0<\/i> ist eine Wanderausstellung\u00a0 und noch auf der Suche nach weiteren m\u00f6glichen Hosts an Schulen und Hochschulen. Anfragen an <a href=\"mailto:welcome@fc-gloria.at\" target=\"_blank\" rel=\"noopener\">welcome@fc-gloria.at<\/a><\/p>\n<p>Die Ausstellung entstand in einer Kooperation von FC Gloria (Sandra Bohle, Karin Berghammer) und der <a href=\"https:\/\/fc-gloria.us6.list-manage.com\/track\/click?u=e8394cd67a4a78101d7806f62&amp;id=629cba82b7&amp;e=298d9e2ddf\">Fachhochschule St. P\u00f6lten<\/a> (Rosa von Suess, Ursula Blauensteiner und Ulrike Wiel\u00e4nder)<\/p>\n<p>[\/et_pb_text][\/et_pb_column][et_pb_column type=&#8220;1_2&#8243; _builder_version=&#8220;4.16&#8243; custom_padding=&#8220;|||&#8220; global_colors_info=&#8220;{}&#8220; custom_padding__hover=&#8220;|||&#8220;][et_pb_image src=&#8220;http:\/\/www.fc-gloria.at\/filmberufe\/wp-content\/uploads\/2019\/03\/A5-seeitbeit_Web.jpg&#8220; align_tablet=&#8220;center&#8220; align_phone=&#8220;center&#8220; align_last_edited=&#8220;on|desktop&#8220; _builder_version=&#8220;4.16&#8243; global_colors_info=&#8220;{}&#8220;][\/et_pb_image][\/et_pb_column][\/et_pb_row][et_pb_row column_structure=&#8220;4_4,4_4&#8243; _builder_version=&#8220;4.16&#8243; background_size=&#8220;initial&#8220; background_position=&#8220;top_left&#8220; background_repeat=&#8220;repeat&#8220; global_colors_info=&#8220;{}&#8220;][et_pb_column type=&#8220;4_4&#8243; _builder_version=&#8220;4.16&#8243; custom_padding=&#8220;|||&#8220; global_colors_info=&#8220;{}&#8220; custom_padding__hover=&#8220;|||&#8220;][et_pb_text _builder_version=&#8220;4.16&#8243; global_colors_info=&#8220;{}&#8220;]<strong>Ausstellungsansichten FH St.P\u00f6lten<\/strong><br \/>\n[\/et_pb_text][et_pb_gallery gallery_ids=&#8220;1164,1161,1162,1160,1163,1082,1165&#8243; posts_number=&#8220;7&#8243; show_title_and_caption=&#8220;off&#8220; zoom_icon_color=&#8220;#ff4530&#8243; _builder_version=&#8220;4.16&#8243; title_font_size=&#8220;9&#8243; title_font_size_tablet=&#8220;&#8220; title_font_size_phone=&#8220;&#8220; title_font_size_last_edited=&#8220;on|&#8220; pagination_font_size_tablet=&#8220;51&#8243; pagination_line_height_tablet=&#8220;2&#8243; global_colors_info=&#8220;{}&#8220;][\/et_pb_gallery][\/et_pb_column][et_pb_column type=&#8220;4_4&#8243; _builder_version=&#8220;4.16&#8243; custom_padding=&#8220;|||&#8220; global_colors_info=&#8220;{}&#8220; custom_padding__hover=&#8220;|||&#8220;][\/et_pb_column][\/et_pb_row][\/et_pb_section]<\/p>\n","protected":false},"excerpt":{"rendered":"<p>Ausstellung Als Teil des See it, Be it &#8211; Projektes wurde die Ausstellung See it, be it! \u2013 Irgendwas mit Film! in Zusammenarbeit mit der\u00a0Fachhochschule St. P\u00f6lten organisiert und konzipiert. Studierende und\u00a0Sch\u00fclerinnen sollen durch die Pr\u00e4sentation von weiblichen Role-Models die vielf\u00e4ltigen Berufe am Filmset kennenlernen. Die Ausstellung zeigt Making-Of-Fotos mit weiblichen Filmschaffenden und stellt das [&hellip;]<\/p>\n","protected":false},"author":5,"featured_media":0,"parent":0,"menu_order":0,"comment_status":"closed","ping_status":"closed","template":"","meta":{"_et_pb_use_builder":"on","_et_pb_old_content":"<p>test<\/p>","_et_gb_content_width":"","footnotes":""},"_links":{"self":[{"href":"https:\/\/www.fc-gloria.at\/filmberufe\/wp-json\/wp\/v2\/pages\/1043"}],"collection":[{"href":"https:\/\/www.fc-gloria.at\/filmberufe\/wp-json\/wp\/v2\/pages"}],"about":[{"href":"https:\/\/www.fc-gloria.at\/filmberufe\/wp-json\/wp\/v2\/types\/page"}],"author":[{"embeddable":true,"href":"https:\/\/www.fc-gloria.at\/filmberufe\/wp-json\/wp\/v2\/users\/5"}],"replies":[{"embeddable":true,"href":"https:\/\/www.fc-gloria.at\/filmberufe\/wp-json\/wp\/v2\/comments?post=1043"}],"version-history":[{"count":30,"href":"https:\/\/www.fc-gloria.at\/filmberufe\/wp-json\/wp\/v2\/pages\/1043\/revisions"}],"predecessor-version":[{"id":1573,"href":"https:\/\/www.fc-gloria.at\/filmberufe\/wp-json\/wp\/v2\/pages\/1043\/revisions\/1573"}],"wp:attachment":[{"href":"https:\/\/www.fc-gloria.at\/filmberufe\/wp-json\/wp\/v2\/media?parent=1043"}],"curies":[{"name":"wp","href":"https:\/\/api.w.org\/{rel}","templated":true}]}}