{"id":1048,"date":"2019-02-14T00:36:39","date_gmt":"2019-02-13T23:36:39","guid":{"rendered":"http:\/\/www.fc-gloria.at\/filmberufe\/?page_id=1048"},"modified":"2025-01-15T16:12:45","modified_gmt":"2025-01-15T15:12:45","slug":"workshops","status":"publish","type":"page","link":"https:\/\/www.fc-gloria.at\/filmberufe\/workshops\/","title":{"rendered":"Workshops"},"content":{"rendered":"<p>[et_pb_section fb_built=&#8220;1&#8243; _builder_version=&#8220;4.16&#8243; global_colors_info=&#8220;{}&#8220;][et_pb_row column_structure=&#8220;1_2,1_2&#8243; _builder_version=&#8220;4.16&#8243; background_size=&#8220;initial&#8220; background_position=&#8220;top_left&#8220; background_repeat=&#8220;repeat&#8220; global_colors_info=&#8220;{}&#8220;][et_pb_column type=&#8220;1_2&#8243; _builder_version=&#8220;4.16&#8243; custom_padding=&#8220;|||&#8220; global_colors_info=&#8220;{}&#8220; custom_padding__hover=&#8220;|||&#8220;][et_pb_text _builder_version=&#8220;4.25.1&#8243; global_colors_info=&#8220;{}&#8220;]<\/p>\n<h2>See it, Be it!-Workshops<\/h2>\n<p>&nbsp;<\/p>\n<p>Von 2019 bis 2024 bot FC Gloria eine Workshopreihe in Verbindung mit der <a href=\"https:\/\/www.yumpu.com\/de\/document\/read\/59894426\/see-it-bee-it-filmberufe\" target=\"_blank\" rel=\"noopener\">See it, Be it-Brosch\u00fcre<\/a> an Schulen \u00a0und Berufsschulen in ganz \u00d6sterreich an. Ab 2025 vermitteln wir gerne unsere erfahrenen Workshopleiterinnen an interessierte Schulen.<\/p>\n<p>Die von Barbara Eppensteiner konzipierten Workshops sind wie folgt gestaltet:<\/p>\n<p>Weibliche Filmschaffende aus verschiedenen Departments stellen ihren Beruf vor. Das jeweilige Crewmitglied stellt mit Fotos, Filmausschnitten und einem Making Of-Video sowohl den Entstehungsprozess eines Films, als auch ihren eigenen Arbeitsbereich vor. <span class=\"\" style=\"color: #666666; font-family: Open Sans, Arial, sans-serif;\"><span class=\"\"><span class=\"\" style=\"font-size: medium;\">Filmarbeit ist Teamarbeit. Das wird in einer praktischen \u00dcbung von den Sch\u00fclerinnen und Sch\u00fclern erprobt.<\/span><\/span><\/span><\/p>\n<p>Mit der Workshopreihe wollen wir M\u00e4dchen verst\u00e4rkt f\u00fcr technische Filmberufe interessieren. Au\u00dferdem schafft unsere Initiative einen allgemeinen Beitrag zur F\u00f6rderung der Filmkultur an Schulen.<\/p>\n<p>Derzeit unterrichten <strong>Corinna Antelmann<\/strong> (Drehbuch), <strong>Regina Breitfellner<\/strong> (Maske), <strong>Jenny Gand<\/strong> (Regie),<strong> Laura Ettel<\/strong> (Kamera), <strong>Krisztina Kerekes<\/strong> (Kamera), <strong>Tina Leisch<\/strong> (Regie), <strong>Anita Makris<\/strong> (Regie), <strong>Teresa Schwind<\/strong> (Ton) und<strong> Karin Sch\u00f6n<\/strong> (Maske).<\/p>\n<p>Bei Interesse schreiben Sie uns ein Mail an <a href=\"mailto:welcome@fc-gloria.at\" target=\"_blank\" rel=\"noopener\">welcome@fc-gloria.at<\/a><\/p>\n<p>[\/et_pb_text][\/et_pb_column][et_pb_column type=&#8220;1_2&#8243; _builder_version=&#8220;4.16&#8243; custom_padding=&#8220;|||&#8220; global_colors_info=&#8220;{}&#8220; custom_padding__hover=&#8220;|||&#8220;][et_pb_text _builder_version=&#8220;4.16&#8243; global_colors_info=&#8220;{}&#8220;]&nbsp;<\/p>\n<p>&nbsp;<br \/>\n[\/et_pb_text][et_pb_image src=&#8220;http:\/\/www.fc-gloria.at\/filmberufe\/wp-content\/uploads\/2019\/03\/broschuere3.jpg&#8220; align_tablet=&#8220;center&#8220; align_phone=&#8220;center&#8220; align_last_edited=&#8220;on|desktop&#8220; _builder_version=&#8220;4.16&#8243; global_colors_info=&#8220;{}&#8220;]&nbsp;<br \/>\n[\/et_pb_image][et_pb_image src=&#8220;http:\/\/www.fc-gloria.at\/filmberufe\/wp-content\/uploads\/2019\/03\/IMG_4232_1.jpg&#8220; alt=&#8220;Foto: Laura Ettel &#8220; title_text=&#8220;Foto: Laura Ettel &#8220; show_in_lightbox=&#8220;on&#8220; align_tablet=&#8220;center&#8220; align_phone=&#8220;center&#8220; align_last_edited=&#8220;on|desktop&#8220; _builder_version=&#8220;4.16&#8243; global_colors_info=&#8220;{}&#8220;]&nbsp;<br \/>\n[\/et_pb_image][\/et_pb_column][\/et_pb_row][et_pb_row _builder_version=&#8220;4.16&#8243; background_size=&#8220;initial&#8220; background_position=&#8220;top_left&#8220; background_repeat=&#8220;repeat&#8220; global_colors_info=&#8220;{}&#8220;][et_pb_column type=&#8220;4_4&#8243; _builder_version=&#8220;4.16&#8243; custom_padding=&#8220;|||&#8220; global_colors_info=&#8220;{}&#8220; custom_padding__hover=&#8220;|||&#8220;][et_pb_divider color=&#8220;#898989&#8243; _builder_version=&#8220;4.16&#8243; global_colors_info=&#8220;{}&#8220;][\/et_pb_divider][\/et_pb_column][\/et_pb_row][et_pb_row column_structure=&#8220;1_2,1_2&#8243; _builder_version=&#8220;4.16&#8243; background_size=&#8220;initial&#8220; background_position=&#8220;top_left&#8220; background_repeat=&#8220;repeat&#8220; global_colors_info=&#8220;{}&#8220;][et_pb_column type=&#8220;1_2&#8243; _builder_version=&#8220;4.16&#8243; custom_padding=&#8220;|||&#8220; global_colors_info=&#8220;{}&#8220; custom_padding__hover=&#8220;|||&#8220;][et_pb_text _builder_version=&#8220;4.16&#8243; global_colors_info=&#8220;{}&#8220;]<\/p>\n<div class=\"_1cCXb sc-esjQYD lhbvuM\">\n<h2 class=\"_1DKxU sc-kIPQKe egqgNj\">Making-Of<\/h2>\n<h2 class=\"_1DKxU sc-kIPQKe egqgNj\"><span style=\"font-size: 14px;\">zum Kurzfilm \u201eEine Umweltgeschichte&#8220;, der im Rahmen eines See it, Be it-Workshops von FC Gloria unter der Leitung von\u00a0Drehbuchautorin Corinna Antelmann und Kamerafrau Krisztina Kerekes mit der 3B des Ella Lingens Gymnasiums in Wien 2020 entstanden ist.<\/span><\/h2>\n<\/div>\n<div>\n<section id=\"comments\" class=\"\">\n<div class=\"_2xKBQ\"><\/div>\n<\/section>\n<\/div>\n<p>[\/et_pb_text][\/et_pb_column][et_pb_column type=&#8220;1_2&#8243; _builder_version=&#8220;4.16&#8243; custom_padding=&#8220;|||&#8220; global_colors_info=&#8220;{}&#8220; custom_padding__hover=&#8220;|||&#8220;][et_pb_video src=&#8220;http:\/\/www.fc-gloria.at\/filmberufe\/wp-content\/uploads\/2021\/04\/MakingOF_EllaLingensGymnasium.mp4&#8243; _builder_version=&#8220;4.16&#8243; global_colors_info=&#8220;{}&#8220;][\/et_pb_video][\/et_pb_column][\/et_pb_row][et_pb_row _builder_version=&#8220;4.16&#8243; background_size=&#8220;initial&#8220; background_position=&#8220;top_left&#8220; background_repeat=&#8220;repeat&#8220; global_colors_info=&#8220;{}&#8220;][et_pb_column type=&#8220;4_4&#8243; _builder_version=&#8220;4.16&#8243; custom_padding=&#8220;|||&#8220; global_colors_info=&#8220;{}&#8220; custom_padding__hover=&#8220;|||&#8220;][et_pb_divider color=&#8220;#898989&#8243; _builder_version=&#8220;4.16&#8243; global_colors_info=&#8220;{}&#8220;][\/et_pb_divider][\/et_pb_column][\/et_pb_row][et_pb_row column_structure=&#8220;1_2,1_2&#8243; _builder_version=&#8220;4.16&#8243; background_size=&#8220;initial&#8220; background_position=&#8220;top_left&#8220; background_repeat=&#8220;repeat&#8220; global_colors_info=&#8220;{}&#8220;][et_pb_column type=&#8220;1_2&#8243; _builder_version=&#8220;4.16&#8243; custom_padding=&#8220;|||&#8220; global_colors_info=&#8220;{}&#8220; custom_padding__hover=&#8220;|||&#8220;][et_pb_text _builder_version=&#8220;4.16&#8243; global_colors_info=&#8220;{}&#8220;]<\/p>\n<h2>Girls Film Camp<\/h2>\n<p>Das Girls Film Camp war eine Filmprojektwoche f\u00fcr M\u00e4dchen und junge Frauen im Medien Kultur Haus Wels im Sommer 2019. Unabh\u00e4ngig von Vorkenntnissen gab es den Teilnehmerinnen die M\u00f6glichkeit, sich in den Bereichen Kamera, Licht, Ton, Regie, Schauspiel auszuprobieren, Erfahrungen zu sammeln und sich mit anderen zu vernetzen. Mit Unterst\u00fctzung von <strong>Laura Ettel<\/strong> (Kamera) und <strong>Jessica Lind<\/strong> (Drehbuch, Regie) wurde ein Kurzfilm erarbeitet und umgesetzt.<\/p>\n<p>Der Workshop war eine Kooperation des <a href=\"http:\/\/2018.medienkulturhaus.at\">Medien Kultur Haus Wels<\/a> mit dem <a href=\"http:\/\/www.fc-gloria.at\/filmberufe\/\">See it, Be it!-Projekt<\/a> von FC Gloria.<br \/>\n[\/et_pb_text][\/et_pb_column][et_pb_column type=&#8220;1_2&#8243; _builder_version=&#8220;4.16&#8243; custom_padding=&#8220;|||&#8220; global_colors_info=&#8220;{}&#8220; custom_padding__hover=&#8220;|||&#8220;][et_pb_gallery gallery_ids=&#8220;1226,1227,1228,1229,1230,1231,1232,1233,1234,1236,1237&#8243; fullwidth=&#8220;on&#8220; _builder_version=&#8220;4.16&#8243; pagination_font_size_tablet=&#8220;51&#8243; pagination_line_height_tablet=&#8220;2&#8243; global_colors_info=&#8220;{}&#8220;]&nbsp;<br \/>\n[\/et_pb_gallery][et_pb_text _builder_version=&#8220;4.16&#8243; global_colors_info=&#8220;{}&#8220;]Fotos des Girls Film Camp 2019 im Medien Kultur Haus Wels<br \/>\n[\/et_pb_text][\/et_pb_column][\/et_pb_row][et_pb_row _builder_version=&#8220;4.16&#8243; background_size=&#8220;initial&#8220; background_position=&#8220;top_left&#8220; background_repeat=&#8220;repeat&#8220; global_colors_info=&#8220;{}&#8220;][et_pb_column type=&#8220;4_4&#8243; _builder_version=&#8220;4.16&#8243; custom_padding=&#8220;|||&#8220; global_colors_info=&#8220;{}&#8220; custom_padding__hover=&#8220;|||&#8220;][et_pb_divider color=&#8220;#898989&#8243; _builder_version=&#8220;4.16&#8243; global_colors_info=&#8220;{}&#8220;][\/et_pb_divider][\/et_pb_column][\/et_pb_row][et_pb_row column_structure=&#8220;1_2,1_2&#8243; _builder_version=&#8220;4.16&#8243; background_size=&#8220;initial&#8220; background_position=&#8220;top_left&#8220; background_repeat=&#8220;repeat&#8220; global_colors_info=&#8220;{}&#8220;][et_pb_column type=&#8220;1_2&#8243; _builder_version=&#8220;4.16&#8243; custom_padding=&#8220;|||&#8220; global_colors_info=&#8220;{}&#8220; custom_padding__hover=&#8220;|||&#8220;][et_pb_text _builder_version=&#8220;4.16&#8243; global_colors_info=&#8220;{}&#8220;]<\/p>\n<h2>FC Gloria Academy<\/h2>\n<h4>Filmtechnik f\u00fcr M\u00e4dchen und junge Frauen<\/h4>\n<p>Die Sommerworkshopreihe wurde von Karina Ressler initiert und fand zum ersten Mal vom 7.\u201311.Juli 2021 statt. Bei diesem au\u00dferschulischen Projekt konnten sich die Teilnehmerinnen in den Departments\u00a0KAMERA \/ LICHT \/ TON \/ AUSSTATTUNG und SCHNITT ausprobieren. Das Projekt wurde in Kooperation mit dem <a href=\"https:\/\/www.wienxtra.at\/medienzentrum\/\">WienXtra Medienzentrum Wien<\/a> durchgef\u00fchrt. Die kostenlosen Workhops wurden von\u00a0Carolina Steinbrecher, Verena M\u00fchling, Eva Hausberger, Katharina W\u00f6ppermann und Karina Ressler geleitet.<br \/>\n[\/et_pb_text][\/et_pb_column][et_pb_column type=&#8220;1_2&#8243; _builder_version=&#8220;4.16&#8243; custom_padding=&#8220;|||&#8220; global_colors_info=&#8220;{}&#8220; custom_padding__hover=&#8220;|||&#8220;][et_pb_gallery gallery_ids=&#8220;1517,1518,1519,1520,1521,1522,1523,1524,1525&#8243; fullwidth=&#8220;on&#8220; _builder_version=&#8220;4.16&#8243; pagination_font_size_tablet=&#8220;51&#8243; pagination_line_height_tablet=&#8220;2&#8243; global_colors_info=&#8220;{}&#8220;]&nbsp;<br \/>\n[\/et_pb_gallery][et_pb_text _builder_version=&#8220;4.16&#8243; global_colors_info=&#8220;{}&#8220;]Fotos der FC Gloria Academy 2021<br \/>\n[\/et_pb_text][\/et_pb_column][\/et_pb_row][et_pb_row _builder_version=&#8220;4.16&#8243; background_size=&#8220;initial&#8220; background_position=&#8220;top_left&#8220; background_repeat=&#8220;repeat&#8220; global_colors_info=&#8220;{}&#8220;][et_pb_column type=&#8220;4_4&#8243; _builder_version=&#8220;4.16&#8243; custom_padding=&#8220;|||&#8220; global_colors_info=&#8220;{}&#8220; custom_padding__hover=&#8220;|||&#8220;][et_pb_divider color=&#8220;#898989&#8243; _builder_version=&#8220;4.16&#8243; global_colors_info=&#8220;{}&#8220;][\/et_pb_divider][et_pb_text _builder_version=&#8220;4.25.1&#8243; global_colors_info=&#8220;{}&#8220;]<\/p>\n<p>Die Workshopreihe wird gef\u00f6rdert von:<\/p>\n<p><img loading=\"lazy\" decoding=\"async\" class=\"alignnone wp-image-1440\" src=\"http:\/\/www.fc-gloria.at\/filmberufe\/wp-content\/uploads\/2020\/07\/oead_logo_rot-300x73.jpg\" alt=\"\" width=\"157\" height=\"38\" srcset=\"https:\/\/www.fc-gloria.at\/filmberufe\/wp-content\/uploads\/2020\/07\/oead_logo_rot-300x73.jpg 300w, https:\/\/www.fc-gloria.at\/filmberufe\/wp-content\/uploads\/2020\/07\/oead_logo_rot-768x187.jpg 768w, https:\/\/www.fc-gloria.at\/filmberufe\/wp-content\/uploads\/2020\/07\/oead_logo_rot-1024x250.jpg 1024w, https:\/\/www.fc-gloria.at\/filmberufe\/wp-content\/uploads\/2020\/07\/oead_logo_rot-1080x263.jpg 1080w, https:\/\/www.fc-gloria.at\/filmberufe\/wp-content\/uploads\/2020\/07\/oead_logo_rot.jpg 1181w\" sizes=\"(max-width: 157px) 100vw, 157px\" \/><\/p>\n<h6><\/h6>\n<p>[\/et_pb_text][\/et_pb_column][\/et_pb_row][\/et_pb_section]<\/p>\n","protected":false},"excerpt":{"rendered":"<p>See it, Be it!-Workshops &nbsp; Von 2019 bis 2024 bot FC Gloria eine Workshopreihe in Verbindung mit der See it, Be it-Brosch\u00fcre an Schulen \u00a0und Berufsschulen in ganz \u00d6sterreich an. Ab 2025 vermitteln wir gerne unsere erfahrenen Workshopleiterinnen an interessierte Schulen. Die von Barbara Eppensteiner konzipierten Workshops sind wie folgt gestaltet: Weibliche Filmschaffende aus verschiedenen [&hellip;]<\/p>\n","protected":false},"author":5,"featured_media":0,"parent":0,"menu_order":0,"comment_status":"closed","ping_status":"closed","template":"","meta":{"_et_pb_use_builder":"on","_et_pb_old_content":"","_et_gb_content_width":"","footnotes":""},"_links":{"self":[{"href":"https:\/\/www.fc-gloria.at\/filmberufe\/wp-json\/wp\/v2\/pages\/1048"}],"collection":[{"href":"https:\/\/www.fc-gloria.at\/filmberufe\/wp-json\/wp\/v2\/pages"}],"about":[{"href":"https:\/\/www.fc-gloria.at\/filmberufe\/wp-json\/wp\/v2\/types\/page"}],"author":[{"embeddable":true,"href":"https:\/\/www.fc-gloria.at\/filmberufe\/wp-json\/wp\/v2\/users\/5"}],"replies":[{"embeddable":true,"href":"https:\/\/www.fc-gloria.at\/filmberufe\/wp-json\/wp\/v2\/comments?post=1048"}],"version-history":[{"count":31,"href":"https:\/\/www.fc-gloria.at\/filmberufe\/wp-json\/wp\/v2\/pages\/1048\/revisions"}],"predecessor-version":[{"id":1568,"href":"https:\/\/www.fc-gloria.at\/filmberufe\/wp-json\/wp\/v2\/pages\/1048\/revisions\/1568"}],"wp:attachment":[{"href":"https:\/\/www.fc-gloria.at\/filmberufe\/wp-json\/wp\/v2\/media?parent=1048"}],"curies":[{"name":"wp","href":"https:\/\/api.w.org\/{rel}","templated":true}]}}