{"id":1484,"date":"2021-04-08T16:46:01","date_gmt":"2021-04-08T14:46:01","guid":{"rendered":"http:\/\/www.fc-gloria.at\/filmberufe\/?page_id=1484"},"modified":"2025-01-15T16:10:49","modified_gmt":"2025-01-15T15:10:49","slug":"broschuere","status":"publish","type":"page","link":"https:\/\/www.fc-gloria.at\/filmberufe\/broschuere\/","title":{"rendered":"Brosch\u00fcre"},"content":{"rendered":"<p>[et_pb_section fb_built=&#8220;1&#8243; _builder_version=&#8220;4.16&#8243; global_colors_info=&#8220;{}&#8220;][et_pb_row _builder_version=&#8220;4.16&#8243; background_size=&#8220;initial&#8220; background_position=&#8220;top_left&#8220; background_repeat=&#8220;repeat&#8220; global_colors_info=&#8220;{}&#8220; column_structure=&#8220;1_2,1_2&#8243;][et_pb_column type=&#8220;1_2&#8243; _builder_version=&#8220;4.16&#8243; custom_padding=&#8220;|||&#8220; global_colors_info=&#8220;{}&#8220; custom_padding__hover=&#8220;|||&#8220;][et_pb_text _builder_version=&#8220;4.16&#8243; global_colors_info=&#8220;{}&#8220;]<\/p>\n<h3>See it, Be it-Brosch\u00fcre<\/h3>\n<p>[\/et_pb_text][et_pb_image src=&#8220;http:\/\/www.fc-gloria.at\/filmberufe\/wp-content\/uploads\/2019\/03\/broschuere3.jpg&#8220; align_tablet=&#8220;center&#8220; align_last_edited=&#8220;on|desktop&#8220; _builder_version=&#8220;4.16&#8243; always_center_on_mobile=&#8220;on&#8220; global_colors_info=&#8220;{}&#8220; align_phone=&#8220;center&#8220;][\/et_pb_image][et_pb_text _builder_version=&#8220;4.16&#8243; global_colors_info=&#8220;{}&#8220;]<span style=\"font-size: 14px;\">Ein besonders wichtiges Anliegen in der Arbeit von FC Gloria gilt der Ermutigung von M\u00e4dchen, sich zu trauen, m\u00e4nnlich konnotierte Filmberufe f\u00fcr sich anzudenken. Wir sehen darin auch einen allgemeinen Beitrag zur F\u00f6rderung der Filmkultur an \u00d6sterreichs Schulen.<\/span><br \/>\n[\/et_pb_text][\/et_pb_column][et_pb_column type=&#8220;1_2&#8243; _builder_version=&#8220;4.16&#8243; custom_padding=&#8220;|||&#8220; global_colors_info=&#8220;{}&#8220; custom_padding__hover=&#8220;|||&#8220;][et_pb_text _builder_version=&#8220;4.16&#8243; global_colors_info=&#8220;{}&#8220;][\/et_pb_text][et_pb_image src=&#8220;http:\/\/www.fc-gloria.at\/filmberufe\/wp-content\/uploads\/2019\/03\/broschuere7.jpg&#8220; align_tablet=&#8220;center&#8220; align_last_edited=&#8220;on|desktop&#8220; _builder_version=&#8220;4.16&#8243; always_center_on_mobile=&#8220;on&#8220; global_colors_info=&#8220;{}&#8220; align_phone=&#8220;center&#8220;][\/et_pb_image][et_pb_text _builder_version=&#8220;4.25.1&#8243; hover_enabled=&#8220;0&#8243; global_colors_info=&#8220;{}&#8220; sticky_enabled=&#8220;0&#8243;]<\/p>\n<div class=\"column\">\n<p><span style=\"font-size: 14px;\">Wir haben aus diesem Grund eine Gratis-Brosch\u00fcre f\u00fcr Jugendliche erstellt, in der die vielf\u00e4ltigen M\u00f6glichkeiten in der Filmbranche zu arbeiten, vorgestellt\u00a0werden. Die Brosch\u00fcre wird im Rahmen der <a href=\"https:\/\/www.fc-gloria.at\/filmberufe\/workshops\/\" target=\"_blank\" rel=\"noopener\">See it, Be it-Workshops<\/a> eingesetzt, kann aber auch von Lehrenden kostenlos bestellt werden. Bestellungen per E-Mail an <a href=\"mailto:welcome@fc-gloria.at\">welcome@fc-gloria.at<\/a><\/span><\/p>\n<\/div>\n<p>[\/et_pb_text][\/et_pb_column][\/et_pb_row][et_pb_row _builder_version=&#8220;4.16&#8243; background_size=&#8220;initial&#8220; background_position=&#8220;top_left&#8220; background_repeat=&#8220;repeat&#8220; global_colors_info=&#8220;{}&#8220;][et_pb_column type=&#8220;4_4&#8243; _builder_version=&#8220;4.16&#8243; custom_padding=&#8220;|||&#8220; global_colors_info=&#8220;{}&#8220; custom_padding__hover=&#8220;|||&#8220;][et_pb_text _builder_version=&#8220;4.16&#8243; global_colors_info=&#8220;{}&#8220;]Vorschau der Brosch\u00fcre:<br \/>\n[\/et_pb_text][et_pb_code _builder_version=&#8220;4.16&#8243; global_colors_info=&#8220;{}&#8220;]<iframe loading=\"lazy\" width=\"1024px\" height=\"768px\" src=\"https:\/\/www.yumpu.com\/de\/embed\/view\/9VYCgntx2rkLhK08\" frameborder=\"0\" allowfullscreen=\"true\" allowtransparency=\"true\"><\/iframe>[\/et_pb_code][\/et_pb_column][\/et_pb_row][\/et_pb_section]<\/p>\n","protected":false},"excerpt":{"rendered":"<p>See it, Be it-Brosch\u00fcre Ein besonders wichtiges Anliegen in der Arbeit von FC Gloria gilt der Ermutigung von M\u00e4dchen, sich zu trauen, m\u00e4nnlich konnotierte Filmberufe f\u00fcr sich anzudenken. Wir sehen darin auch einen allgemeinen Beitrag zur F\u00f6rderung der Filmkultur an \u00d6sterreichs Schulen. Wir haben aus diesem Grund eine Gratis-Brosch\u00fcre f\u00fcr Jugendliche erstellt, in der die [&hellip;]<\/p>\n","protected":false},"author":5,"featured_media":0,"parent":0,"menu_order":0,"comment_status":"closed","ping_status":"closed","template":"","meta":{"_et_pb_use_builder":"on","_et_pb_old_content":"<p><span style=\"font-size: 14px;\">Ein besonders wichtiges Anliegen in der Arbeit von FC Gloria gilt der Ermutigung von M\u00e4dchen, sich zu trauen, m\u00e4nnlich konnotierte Filmberufe f\u00fcr sich anzudenken. Wir sehen darin auch einen allgemeinen Beitrag zur F\u00f6rderung der Filmkultur an \u00d6sterreichs Schulen.<\/span><\/p><div class=\"page\" title=\"Page 1\"><div class=\"layoutArea\"><div class=\"column\"><p>Wir haben aus diesem Grund eine Gratis-Brosch\u00fcre f\u00fcr Jugendliche erstellt, in der die vielf\u00e4ltigen M\u00f6glichkeiten in der Filmbranche zu arbeiten, vorgestellt\u00a0werden.<\/p><\/div><p>Die Brosch\u00fcre wird im Rahmen der See it, Be it-Workshops eingesetzt kann aber auch von Lehrenden kostenlos bestellt werden. Bestellungen per E-mail an filmberufe (at) fc-gloria.at<\/p><\/div><\/div>","_et_gb_content_width":"","footnotes":""},"_links":{"self":[{"href":"https:\/\/www.fc-gloria.at\/filmberufe\/wp-json\/wp\/v2\/pages\/1484"}],"collection":[{"href":"https:\/\/www.fc-gloria.at\/filmberufe\/wp-json\/wp\/v2\/pages"}],"about":[{"href":"https:\/\/www.fc-gloria.at\/filmberufe\/wp-json\/wp\/v2\/types\/page"}],"author":[{"embeddable":true,"href":"https:\/\/www.fc-gloria.at\/filmberufe\/wp-json\/wp\/v2\/users\/5"}],"replies":[{"embeddable":true,"href":"https:\/\/www.fc-gloria.at\/filmberufe\/wp-json\/wp\/v2\/comments?post=1484"}],"version-history":[{"count":9,"href":"https:\/\/www.fc-gloria.at\/filmberufe\/wp-json\/wp\/v2\/pages\/1484\/revisions"}],"predecessor-version":[{"id":1567,"href":"https:\/\/www.fc-gloria.at\/filmberufe\/wp-json\/wp\/v2\/pages\/1484\/revisions\/1567"}],"wp:attachment":[{"href":"https:\/\/www.fc-gloria.at\/filmberufe\/wp-json\/wp\/v2\/media?parent=1484"}],"curies":[{"name":"wp","href":"https:\/\/api.w.org\/{rel}","templated":true}]}}