{"id":16,"date":"2018-02-02T13:06:45","date_gmt":"2018-02-02T12:06:45","guid":{"rendered":"http:\/\/www.fc-gloria.at\/goesschool\/?page_id=16"},"modified":"2025-01-15T16:51:52","modified_gmt":"2025-01-15T15:51:52","slug":"startseite","status":"publish","type":"page","link":"https:\/\/www.fc-gloria.at\/filmberufe\/","title":{"rendered":"Interesse am Film?"},"content":{"rendered":"<p>[et_pb_section fb_built=&#8220;1&#8243; admin_label=&#8220;Header Section&#8220; _builder_version=&#8220;4.16&#8243; background_image=&#8220;http:\/\/www.fc-gloria.at\/filmberufe\/wp-content\/uploads\/2018\/02\/FCG-Hintergrund-sw-heller.jpg&#8220; background_position=&#8220;top_center&#8220; custom_padding=&#8220;75px|||&#8220; global_colors_info=&#8220;{}&#8220;][et_pb_row column_structure=&#8220;1_2,1_2&#8243; admin_label=&#8220;Header Row&#8220; _builder_version=&#8220;4.16&#8243; custom_margin=&#8220;|||&#8220; custom_padding=&#8220;0px|0px|0px|0px&#8220; box_shadow_style=&#8220;preset4&#8243; box_shadow_horizontal=&#8220;900px&#8220; box_shadow_vertical=&#8220;-500px&#8220; box_shadow_spread=&#8220;80px&#8220; box_shadow_color=&#8220;#1a1a1a&#8220; global_colors_info=&#8220;{}&#8220;][et_pb_column type=&#8220;1_2&#8243; _builder_version=&#8220;4.16&#8243; custom_padding=&#8220;|||&#8220; global_colors_info=&#8220;{}&#8220; custom_padding__hover=&#8220;|||&#8220;][et_pb_cta title=&#8220;Du interessierst dich f\u00fcr Film?&#8220; admin_label=&#8220;Heading, Subheading &#038; CTA Button&#8220; _builder_version=&#8220;4.25.1&#8243; header_level=&#8220;h1&#8243; header_font=&#8220;Muli|700|||||||&#8220; header_text_align=&#8220;left&#8220; header_font_size=&#8220;65px&#8220; header_line_height=&#8220;1.4em&#8220; body_font=&#8220;Muli|600|||||||&#8220; body_text_align=&#8220;left&#8220; body_font_size=&#8220;18px&#8220; body_line_height=&#8220;1.8em&#8220; use_background_color=&#8220;off&#8220; custom_button=&#8220;on&#8220; button_text_size=&#8220;16px&#8220; button_text_color=&#8220;#ffffff&#8220; button_bg_color=&#8220;#f4583f&#8220; button_border_width=&#8220;10px&#8220; button_border_color=&#8220;#f4583f&#8220; button_border_radius=&#8220;0px&#8220; button_font=&#8220;Muli|700|||||||&#8220; button_use_icon=&#8220;off&#8220; background_layout=&#8220;light&#8220; custom_margin=&#8220;7vw||3vw|&#8220; custom_margin_tablet=&#8220;3vw||3vw|&#8220; custom_margin_phone=&#8220;|||&#8220; custom_margin_last_edited=&#8220;on|desktop&#8220; animation_style=&#8220;fade&#8220; header_font_size_tablet=&#8220;&#8220; header_font_size_phone=&#8220;50px&#8220; header_font_size_last_edited=&#8220;on|phone&#8220; button_border_radius_hover=&#8220;0px&#8220; global_colors_info=&#8220;{}&#8220; button_text_size__hover_enabled=&#8220;off&#8220; button_one_text_size__hover_enabled=&#8220;off&#8220; button_two_text_size__hover_enabled=&#8220;off&#8220; button_text_color__hover_enabled=&#8220;off&#8220; button_one_text_color__hover_enabled=&#8220;off&#8220; button_two_text_color__hover_enabled=&#8220;off&#8220; button_border_width__hover_enabled=&#8220;off&#8220; button_one_border_width__hover_enabled=&#8220;off&#8220; button_two_border_width__hover_enabled=&#8220;off&#8220; button_border_color__hover_enabled=&#8220;off&#8220; button_one_border_color__hover_enabled=&#8220;off&#8220; button_two_border_color__hover_enabled=&#8220;off&#8220; button_border_radius__hover_enabled=&#8220;on&#8220; button_border_radius__hover=&#8220;0px&#8220; button_one_border_radius__hover_enabled=&#8220;off&#8220; button_two_border_radius__hover_enabled=&#8220;off&#8220; button_letter_spacing__hover_enabled=&#8220;off&#8220; button_one_letter_spacing__hover_enabled=&#8220;off&#8220; button_two_letter_spacing__hover_enabled=&#8220;off&#8220; button_bg_color__hover_enabled=&#8220;off&#8220; button_one_bg_color__hover_enabled=&#8220;off&#8220; button_two_bg_color__hover_enabled=&#8220;off&#8220;]<\/p>\n<p style=\"text-align: left;\">M\u00f6chtest du Animationsfilmk\u00fcnstlerin* werden? Wei\u00dft du, was eine Oberbeleuchterin* macht oder ist Kamerafrau* dein Traumberuf? Es gibt viele spannende M\u00f6glichkeiten, in der Film-Branche zu arbeiten. Du findest hier Infos zu Berufen und Ausbildungsm\u00f6glichkeiten. Lass Dich inspirieren!<\/p>\n<p>[\/et_pb_cta][\/et_pb_column][et_pb_column type=&#8220;1_2&#8243; _builder_version=&#8220;4.16&#8243; custom_padding=&#8220;|||&#8220; global_colors_info=&#8220;{}&#8220; custom_padding__hover=&#8220;|||&#8220;][et_pb_image src=&#8220;http:\/\/www.fc-gloria.at\/filmberufe\/wp-content\/uploads\/2018\/03\/Startseite_SW_Schnitt_Testor_oliver-oppitz-photography.jpg&#8220; alt=&#8220;Kamerafrau_Eva_Testor_by_Oliver-Oppitz-Photography&#8220; title_text=&#8220;Kamerafrau_Eva_Testor_by_Oliver-Oppitz-Photography&#8220; align_tablet=&#8220;center&#8220; align_phone=&#8220;center&#8220; align_last_edited=&#8220;on|desktop&#8220; admin_label=&#8220;Header Image&#8220; _builder_version=&#8220;4.16&#8243; global_colors_info=&#8220;{}&#8220;][\/et_pb_image][\/et_pb_column][\/et_pb_row][et_pb_row column_structure=&#8220;1_4,1_4,1_4,1_4&#8243; admin_label=&#8220;Header Row&#8220; _builder_version=&#8220;4.16&#8243; custom_margin=&#8220;|||&#8220; custom_padding=&#8220;0px|0px|0px|0px&#8220; box_shadow_style=&#8220;preset4&#8243; box_shadow_horizontal=&#8220;900px&#8220; box_shadow_vertical=&#8220;-500px&#8220; box_shadow_spread=&#8220;80px&#8220; box_shadow_color=&#8220;#1a1a1a&#8220; global_colors_info=&#8220;{}&#8220;][et_pb_column type=&#8220;1_4&#8243; _builder_version=&#8220;4.16&#8243; custom_padding=&#8220;|||&#8220; global_colors_info=&#8220;{}&#8220; custom_padding__hover=&#8220;|||&#8220;][et_pb_button button_url=&#8220;http:\/\/www.fc-gloria.at\/filmberufe\/berufsbilder\/&#8220; button_text=&#8220;Zu den Filmberufen&#8220; _builder_version=&#8220;4.16&#8243; custom_button=&#8220;on&#8220; button_text_size=&#8220;14&#8243; button_text_color=&#8220;#ffffff&#8220; button_bg_color=&#8220;#f4583f&#8220; button_border_width=&#8220;3&#8243; button_border_color=&#8220;#f4583f&#8220; button_border_radius=&#8220;0&#8243; button_font=&#8220;|700|||||||&#8220; button_use_icon=&#8220;off&#8220; custom_padding=&#8220;10px||10px|&#8220; custom_css_main_element=&#8220;min-width: 200px;||text-align: center;||width: 100%;&#8220; global_colors_info=&#8220;{}&#8220; button_text_size__hover_enabled=&#8220;off&#8220; button_one_text_size__hover_enabled=&#8220;off&#8220; button_two_text_size__hover_enabled=&#8220;off&#8220; button_text_color__hover_enabled=&#8220;off&#8220; button_one_text_color__hover_enabled=&#8220;off&#8220; button_two_text_color__hover_enabled=&#8220;off&#8220; button_border_width__hover_enabled=&#8220;off&#8220; button_one_border_width__hover_enabled=&#8220;off&#8220; button_two_border_width__hover_enabled=&#8220;off&#8220; button_border_color__hover_enabled=&#8220;off&#8220; button_one_border_color__hover_enabled=&#8220;off&#8220; button_two_border_color__hover_enabled=&#8220;off&#8220; button_border_radius__hover_enabled=&#8220;off&#8220; button_one_border_radius__hover_enabled=&#8220;off&#8220; button_two_border_radius__hover_enabled=&#8220;off&#8220; button_letter_spacing__hover_enabled=&#8220;off&#8220; button_one_letter_spacing__hover_enabled=&#8220;off&#8220; button_two_letter_spacing__hover_enabled=&#8220;off&#8220; button_bg_color__hover_enabled=&#8220;off&#8220; button_one_bg_color__hover_enabled=&#8220;off&#8220; button_two_bg_color__hover_enabled=&#8220;off&#8220;][\/et_pb_button][\/et_pb_column][et_pb_column type=&#8220;1_4&#8243; _builder_version=&#8220;4.16&#8243; custom_padding=&#8220;|||&#8220; global_colors_info=&#8220;{}&#8220; custom_padding__hover=&#8220;|||&#8220;][et_pb_button button_url=&#8220;http:\/\/www.fc-gloria.at\/filmberufe\/aus-und-weiterbildung\/&#8220; button_text=&#8220;Aus- und Weiterbildung&#8220; _builder_version=&#8220;4.16&#8243; custom_button=&#8220;on&#8220; button_text_size=&#8220;14&#8243; button_text_color=&#8220;#ffffff&#8220; button_bg_color=&#8220;#0c71c3&#8243; button_border_width=&#8220;3&#8243; button_border_color=&#8220;#006ac1&#8243; button_border_radius=&#8220;0&#8243; button_font=&#8220;|700|||||||&#8220; button_use_icon=&#8220;off&#8220; custom_padding=&#8220;10px||10px|&#8220; custom_css_main_element=&#8220;min-width: 200px;||text-align: center;||width: 100%;&#8220; global_colors_info=&#8220;{}&#8220; button_text_size__hover_enabled=&#8220;off&#8220; button_one_text_size__hover_enabled=&#8220;off&#8220; button_two_text_size__hover_enabled=&#8220;off&#8220; button_text_color__hover_enabled=&#8220;off&#8220; button_one_text_color__hover_enabled=&#8220;off&#8220; button_two_text_color__hover_enabled=&#8220;off&#8220; button_border_width__hover_enabled=&#8220;off&#8220; button_one_border_width__hover_enabled=&#8220;off&#8220; button_two_border_width__hover_enabled=&#8220;off&#8220; button_border_color__hover_enabled=&#8220;off&#8220; button_one_border_color__hover_enabled=&#8220;off&#8220; button_two_border_color__hover_enabled=&#8220;off&#8220; button_border_radius__hover_enabled=&#8220;off&#8220; button_one_border_radius__hover_enabled=&#8220;off&#8220; button_two_border_radius__hover_enabled=&#8220;off&#8220; button_letter_spacing__hover_enabled=&#8220;off&#8220; button_one_letter_spacing__hover_enabled=&#8220;off&#8220; button_two_letter_spacing__hover_enabled=&#8220;off&#8220; button_bg_color__hover_enabled=&#8220;off&#8220; button_one_bg_color__hover_enabled=&#8220;off&#8220; button_two_bg_color__hover_enabled=&#8220;off&#8220;][\/et_pb_button][\/et_pb_column][et_pb_column type=&#8220;1_4&#8243; _builder_version=&#8220;4.16&#8243; custom_padding=&#8220;|||&#8220; global_colors_info=&#8220;{}&#8220; custom_padding__hover=&#8220;|||&#8220;][\/et_pb_column][et_pb_column type=&#8220;1_4&#8243; _builder_version=&#8220;4.16&#8243; custom_padding=&#8220;|||&#8220; global_colors_info=&#8220;{}&#8220; custom_padding__hover=&#8220;|||&#8220;][\/et_pb_column][\/et_pb_row][et_pb_row column_structure=&#8220;1_2,1_2&#8243; use_custom_gutter=&#8220;on&#8220; gutter_width=&#8220;1&#8243; make_equal=&#8220;on&#8220; admin_label=&#8220;Intro Row&#8220; module_class=&#8220; et_pb_row_fullwidth&#8220; _builder_version=&#8220;4.16&#8243; width=&#8220;100%&#8220; width_tablet=&#8220;100%&#8220; width_phone=&#8220;100%&#8220; width_last_edited=&#8220;on|desktop&#8220; max_width=&#8220;100%&#8220; max_width_tablet=&#8220;100%&#8220; max_width_phone=&#8220;100%&#8220; max_width_last_edited=&#8220;on|desktop&#8220; custom_margin=&#8220;100px|||&#8220; custom_margin_tablet=&#8220;&#8220; custom_margin_phone=&#8220;&#8220; custom_margin_last_edited=&#8220;on|&#8220; make_fullwidth=&#8220;on&#8220; global_colors_info=&#8220;{}&#8220;][et_pb_column type=&#8220;1_2&#8243; _builder_version=&#8220;4.16&#8243; background_color=&#8220;#1a1a1a&#8220; custom_padding=&#8220;|||&#8220; global_colors_info=&#8220;{}&#8220; custom_padding__hover=&#8220;|||&#8220;][et_pb_text admin_label=&#8220;Title &#038; Paragraph&#8220; _builder_version=&#8220;4.25.1&#8243; text_font=&#8220;Muli|600|||||||&#8220; text_text_color=&#8220;rgba(255,255,255,0.55)&#8220; text_font_size=&#8220;18px&#8220; text_line_height=&#8220;1.8em&#8220; header_2_font=&#8220;Muli|700|||||||&#8220; header_2_font_size=&#8220;50px&#8220; header_2_line_height=&#8220;1.4em&#8220; background_layout=&#8220;dark&#8220; max_width=&#8220;600px&#8220; max_width_tablet=&#8220;&#8220; max_width_phone=&#8220;&#8220; max_width_last_edited=&#8220;on|phone&#8220; module_alignment=&#8220;right&#8220; custom_margin=&#8220;|||&#8220; custom_padding=&#8220;100px|60px|100px|60px&#8220; custom_padding_tablet=&#8220;&#8220; custom_padding_phone=&#8220;&#8220; custom_padding_last_edited=&#8220;on|desktop&#8220; global_colors_info=&#8220;{}&#8220;]<\/p>\n<h2>Film ist ein machtvolles Medium.<\/h2>\n<p>Die Bilder, die wir konsumieren, pr\u00e4gen unsere Wertvorstellungen und unsere Idee davon, wie wir sein wollen. Es macht einen Unterschied, ob Medieninhalte von M\u00e4nnern oder Frauen gemacht werden, von Menschen mit unterschiedlichen kulturellen Hintergr\u00fcnden und Erfahrungswelten. Wer diese Geschichten erz\u00e4hlt, wer diese Bilder kreiert und wessen Werte \u00fcber diese Bilder transportiert werden, ist von gro\u00dfer Bedeutung.<\/p>\n<p>[\/et_pb_text][\/et_pb_column][et_pb_column type=&#8220;1_2&#8243; _builder_version=&#8220;4.16&#8243; custom_padding=&#8220;|||&#8220; global_colors_info=&#8220;{}&#8220; custom_padding__hover=&#8220;|||&#8220;][et_pb_code _builder_version=&#8220;4.16&#8243; background_color=&#8220;#e02b20&#8243; global_colors_info=&#8220;{}&#8220;]<iframe loading=\"lazy\" width=\"512px\" height=\"384px\" src=\"https:\/\/www.yumpu.com\/de\/embed\/view\/9VYCgntx2rkLhK08\" frameborder=\"0\" allowfullscreen=\"true\" allowtransparency=\"true\"><\/iframe>[\/et_pb_code][et_pb_text admin_label=&#8220;Title &#038; Paragraph&#8220; _builder_version=&#8220;4.25.1&#8243; text_font=&#8220;Muli|600|||||||&#8220; text_text_color=&#8220;rgba(255,255,255,0.55)&#8220; text_font_size=&#8220;18px&#8220; text_line_height=&#8220;1.8em&#8220; header_2_font=&#8220;Muli|700|||||||&#8220; header_2_font_size=&#8220;50px&#8220; header_2_line_height=&#8220;1.4em&#8220; background_color=&#8220;#000000&#8243; background_layout=&#8220;dark&#8220; max_width=&#8220;600px&#8220; max_width_tablet=&#8220;&#8220; max_width_phone=&#8220;&#8220; max_width_last_edited=&#8220;on|phone&#8220; module_alignment=&#8220;right&#8220; custom_margin=&#8220;|||&#8220; custom_padding=&#8220;100px|60px|100px|60px&#8220; custom_padding_tablet=&#8220;&#8220; custom_padding_phone=&#8220;&#8220; custom_padding_last_edited=&#8220;on|desktop&#8220; hover_enabled=&#8220;0&#8243; global_colors_info=&#8220;{}&#8220; sticky_enabled=&#8220;0&#8243;]<\/p>\n<p>Die Diversit\u00e4t der Gesellschaft sollte sich auch hinter der Kamera zeigen. Das Filme-Machen sollte daher f\u00fcr viele unterschiedliche Menschen zug\u00e4nglich sein.<\/p>\n<p>Die gr\u00f6\u00dfte unterrepr\u00e4sentierte Gruppe in der Filmbranche sind die Frauen\/FLINTA. Ein faires Geschlechterverh\u00e4ltnis in der Film- und TV-Produktion w\u00fcrde dazu f\u00fchren, dass die Perspektive von Frauen\/FLINTA einen gr\u00f6\u00dferen Stellenwert in der Gesellschaft bekommt.<\/p>\n<p>[\/et_pb_text][\/et_pb_column][\/et_pb_row][\/et_pb_section][et_pb_section fb_built=&#8220;1&#8243; admin_label=&#8220;Subscription Section&#8220; _builder_version=&#8220;4.16&#8243; background_image=&#8220;http:\/\/www.fc-gloria.at\/filmberufe\/wp-content\/uploads\/2018\/03\/bierdeckel16_1.jpg&#8220; background_size=&#8220;contain&#8220; background_position=&#8220;center_left&#8220; custom_padding=&#8220;8%|0px|8%|0px&#8220; global_colors_info=&#8220;{}&#8220;][et_pb_row column_structure=&#8220;1_2,1_2&#8243; admin_label=&#8220;Subscription Row&#8220; _builder_version=&#8220;4.16&#8243; custom_padding=&#8220;|||&#8220; global_colors_info=&#8220;{}&#8220;][et_pb_column type=&#8220;1_2&#8243; _builder_version=&#8220;4.16&#8243; custom_padding=&#8220;|||&#8220; global_colors_info=&#8220;{}&#8220; custom_padding__hover=&#8220;|||&#8220;][\/et_pb_column][et_pb_column type=&#8220;1_2&#8243; _builder_version=&#8220;4.16&#8243; custom_padding=&#8220;|||&#8220; global_colors_info=&#8220;{}&#8220; custom_padding__hover=&#8220;|||&#8220;][et_pb_signup mailchimp_list=&#8220;FCGlooria|9f62de81dd&#8220; first_name_field=&#8220;off&#8220; last_name_field=&#8220;off&#8220; title=&#8220;Abonniere unseren Newsletter&#8220; description=&#8220;<\/p>\n<p>Interessierst du dich f\u00fcr unsere Veranstaltungen und Infos zum Thema Gleichberechtigung? Wir informieren monatlich \u00fcber spannende Events, aktuelle Debatten und Filme von Frauen \/ FLINTA.<\/p>\n<p>&#8220; disabled_on=&#8220;off|off|off&#8220; _builder_version=&#8220;4.25.1&#8243; form_field_background_color=&#8220;#000000&#8243; header_font=&#8220;Muli|700|||||||&#8220; header_font_size=&#8220;50px&#8220; header_line_height=&#8220;1.4em&#8220; body_font=&#8220;Muli|600|||||||&#8220; body_line_height=&#8220;1.8em&#8220; result_message_font=&#8220;Muli|700|||||||&#8220; result_message_font_size=&#8220;16px&#8220; use_background_color=&#8220;off&#8220; custom_button=&#8220;on&#8220; button_text_size=&#8220;16px&#8220; button_text_color=&#8220;#ffffff&#8220; button_bg_color=&#8220;#f4583f&#8220; button_border_width=&#8220;10px&#8220; button_border_color=&#8220;#f4583f&#8220; button_border_radius=&#8220;0px&#8220; button_font=&#8220;Muli|700|||||||&#8220; button_use_icon=&#8220;off&#8220; background_layout=&#8220;light&#8220; result_message_line_height_tablet=&#8220;2&#8243; border_radii_fields=&#8220;on||||&#8220; button_text_color_hover=&#8220;#ffffff&#8220; button_border_color_hover=&#8220;#1a1a1a&#8220; button_border_radius_hover=&#8220;0px&#8220; button_bg_color_hover=&#8220;#1a1a1a&#8220; global_colors_info=&#8220;{}&#8220; button_text_size__hover_enabled=&#8220;off&#8220; button_one_text_size__hover_enabled=&#8220;off&#8220; button_two_text_size__hover_enabled=&#8220;off&#8220; button_text_color__hover_enabled=&#8220;on&#8220; button_text_color__hover=&#8220;#ffffff&#8220; button_one_text_color__hover_enabled=&#8220;off&#8220; button_two_text_color__hover_enabled=&#8220;off&#8220; button_border_width__hover_enabled=&#8220;off&#8220; button_one_border_width__hover_enabled=&#8220;off&#8220; button_two_border_width__hover_enabled=&#8220;off&#8220; button_border_color__hover_enabled=&#8220;on&#8220; button_border_color__hover=&#8220;#1a1a1a&#8220; button_one_border_color__hover_enabled=&#8220;off&#8220; button_two_border_color__hover_enabled=&#8220;off&#8220; button_border_radius__hover_enabled=&#8220;on&#8220; button_border_radius__hover=&#8220;0px&#8220; button_one_border_radius__hover_enabled=&#8220;off&#8220; button_two_border_radius__hover_enabled=&#8220;off&#8220; button_letter_spacing__hover_enabled=&#8220;off&#8220; button_one_letter_spacing__hover_enabled=&#8220;off&#8220; button_two_letter_spacing__hover_enabled=&#8220;off&#8220; button_bg_color__hover_enabled=&#8220;on&#8220; button_bg_color__hover=&#8220;#1a1a1a&#8220; button_one_bg_color__hover_enabled=&#8220;off&#8220; button_two_bg_color__hover_enabled=&#8220;off&#8220;]Interessierst du dich f\u00fcr unsere Veranstaltungen und Infos zum Thema Gleichberechtigung? Wir informieren monatlich \u00fcber spannende Events, aktuelle Debatten und Filme von Frauen.<br \/>\n[\/et_pb_signup][et_pb_text admin_label=&#8220;Tip&#8220; _builder_version=&#8220;4.16&#8243; text_font=&#8220;Muli|600|||||||&#8220; text_text_color=&#8220;#F4583F&#8220; header_font=&#8220;Muli|700|||||||&#8220; header_text_color=&#8220;#1a1a1a&#8220; header_font_size=&#8220;65px&#8220; header_line_height=&#8220;1.4em&#8220; header_2_font=&#8220;Muli|700|||||||&#8220; header_2_text_color=&#8220;#1a1a1a&#8220; header_2_font_size=&#8220;50px&#8220; header_2_line_height=&#8220;1.4em&#8220; text_orientation=&#8220;right&#8220; max_width=&#8220;640px&#8220; max_width_last_edited=&#8220;off|desktop&#8220; module_alignment=&#8220;center&#8220; custom_margin=&#8220;|||&#8220; custom_margin_tablet=&#8220;0px|||0px&#8220; custom_margin_last_edited=&#8220;off|desktop&#8220; custom_padding=&#8220;|||&#8220; custom_padding_last_edited=&#8220;off|desktop&#8220; global_colors_info=&#8220;{}&#8220;]We won&#8217;t spam!<br \/>\n[\/et_pb_text][\/et_pb_column][\/et_pb_row][\/et_pb_section]<\/p>\n","protected":false},"excerpt":{"rendered":"<p>M\u00f6chtest du Animationsfilmk\u00fcnstlerin* werden? Wei\u00dft du, was eine Oberbeleuchterin* macht oder ist Kamerafrau* dein Traumberuf? Es gibt viele spannende M\u00f6glichkeiten, in der Film-Branche zu arbeiten. Du findest hier Infos zu Berufen und Ausbildungsm\u00f6glichkeiten. Lass Dich inspirieren!Film ist ein machtvolles Medium. Die Bilder, die wir konsumieren, pr\u00e4gen unsere Wertvorstellungen und unsere Idee davon, wie wir sein [&hellip;]<\/p>\n","protected":false},"author":5,"featured_media":0,"parent":0,"menu_order":0,"comment_status":"closed","ping_status":"closed","template":"","meta":{"_et_pb_use_builder":"on","_et_pb_old_content":"<p>Film ist ein machtvolles, meinungs- und kulturbildendes Medium. Was wir sehen pr\u00e4gen unsere Wertvorstellungen und die Idee davon, wie wir sein wollen.\u00a0Es spielt eine gro\u00dfe Rolle, ob Medieninhalte von M\u00e4nnern oder Frauen, Menschen mit unterschiedlichen, kulturellen Hintergr\u00fcnden oder Erfahrungswelten kreiert werden.<\/p><p>Wir stellen Dir hier ein paar M\u00f6glichkeiten vor, in dieser Branche zu arbeiten. Lass Dich inspirieren!<\/p><p><iframe src=\"https:\/\/www.yumpu.com\/de\/embed\/view\/B9PfvGexslUjXLuo\" width=\"720px\" height=\"615px\" frameborder=\"0\" allowfullscreen=\"allowfullscreen\"><\/iframe><\/p>","_et_gb_content_width":"","footnotes":""},"_links":{"self":[{"href":"https:\/\/www.fc-gloria.at\/filmberufe\/wp-json\/wp\/v2\/pages\/16"}],"collection":[{"href":"https:\/\/www.fc-gloria.at\/filmberufe\/wp-json\/wp\/v2\/pages"}],"about":[{"href":"https:\/\/www.fc-gloria.at\/filmberufe\/wp-json\/wp\/v2\/types\/page"}],"author":[{"embeddable":true,"href":"https:\/\/www.fc-gloria.at\/filmberufe\/wp-json\/wp\/v2\/users\/5"}],"replies":[{"embeddable":true,"href":"https:\/\/www.fc-gloria.at\/filmberufe\/wp-json\/wp\/v2\/comments?post=16"}],"version-history":[{"count":79,"href":"https:\/\/www.fc-gloria.at\/filmberufe\/wp-json\/wp\/v2\/pages\/16\/revisions"}],"predecessor-version":[{"id":1572,"href":"https:\/\/www.fc-gloria.at\/filmberufe\/wp-json\/wp\/v2\/pages\/16\/revisions\/1572"}],"wp:attachment":[{"href":"https:\/\/www.fc-gloria.at\/filmberufe\/wp-json\/wp\/v2\/media?parent=16"}],"curies":[{"name":"wp","href":"https:\/\/api.w.org\/{rel}","templated":true}]}}